{"id":4292,"date":"2020-10-22T12:51:02","date_gmt":"2020-10-22T12:51:02","guid":{"rendered":"https:\/\/www.steelhead-renovation.com\/renovation-design\/"},"modified":"2021-02-18T21:26:20","modified_gmt":"2021-02-18T21:26:20","slug":"renovation-design","status":"publish","type":"page","link":"https:\/\/www.steelhead-renovation.com\/fr\/renovation-design\/","title":{"rendered":"R\u00c9NOVATION &#038; DESIGN"},"content":{"rendered":"<h1>\n\t\tR\u00e9alis\u00e9\n\t<\/h1>\n<h3>\n\t\tpar\n\t<\/h3>\n<h2>\n\t\tSteelhead\n\t<\/h2>\n<h6>\n\t\tFaire de votre lieu de vie un endroit qui vous ressemble, qui vous pla\u00eet et qui vous donne envie d&rsquo;y \u00eatre, jour apr\u00e8s jour; voil\u00e0 ce que nous r\u00e9alisons pour nos clients !\u200b\u200b\n\t<\/h6>\n<h2>\n\t\tSALLES DE BAIN ET BUANDERIES\n\t<\/h2>\n\t<ul>\n<li>Pour r\u00e9pondre \u00e0 tous les besoins de nos clients, nous concevons une vaste gamme de salle de bains et de buanderies<\/li>\n<li>Du moderne au zen et contemporain au classique, tous mat\u00e9riaux disponibles<\/li>\n<li>Vanit\u00e9 simple ou double \/ poste de maquillage \/ salles d&rsquo;eau \/ ensuites \/ rangement pour la salle de bain \/ rangement pour la lingerie \/ buanderies \/ haut de comptoirs \/ verre de douche<\/li>\n<\/ul>\n<h2>\n\t\tPENDERIES\n\t<\/h2>\n\t<ul>\n<li>Rangement de v\u00eatements minimaliste \u00e0 des salles de bain style boutique pour elle et lui<\/li>\n<li>Walk-ins \/ armoires style California \/ \u00e9tag\u00e8res \u00e0 chaussures \/ rangement de bijoux \/ coffre de s\u00e9curit\u00e9 int\u00e9gr\u00e9 \/ vestibule \/ vestiaires \/ si\u00e8ges \/ miroirs \/ accessoires d&rsquo;armoires \/ mobilier de chambre \u00e0 coucher<\/li>\n<\/ul>\n<h2>\n\t\tUNIT\u00c9S MURALES ET MURS\n\t<\/h2>\n\t<ul>\n<li>Transformez votre mur en unit\u00e9 d&rsquo;affichage multifonctionnelle ou unit\u00e9s de rangement<\/li>\n<li>Unit\u00e9s pour t\u00e9l\u00e9viseurs \/ rangements media \/ unit\u00e9s murales int\u00e9gr\u00e9es \/ vitrines \/ biblioth\u00e8ques \/ \u00e9tag\u00e8res flottantes \/ rangements de garage \/ et plus &#8230;<\/li>\n<\/ul>\n<h2>\n\t\tBOIS DE GRANGE\n\t<\/h2>\n\t<ul>\n<li>Gamme de bois de grange<\/li>\n<li>Murs \/ meubles \/ restaurants \/ tables \/ banquets \/ bars \/ portes de grange \/ voies de grange coulissantes \/ vanit\u00e9s \/ et plus &#8230;<\/li>\n<\/ul>\n<h2>\n\t\tPROJETS COMMERCIAUX ET DE R\u00c9NOVATION\n\t<\/h2>\n\t<ul>\n<li>Une vaste gamme de travaux commerciaux et r\u00e9sidentiels<\/li>\n<li>Ce sont quelques projets que Steelhead a r\u00e9alis\u00e9 pour leurs clients<\/li>\n<li>Restaurants \/ vitrines \/ salons de coiffures \/ garderies \/ cuisine industrielle \/ supports a mobiles \/ camions alimentaires \/ \u00e9piceries \/ mobilier de bureau \/ halls d&rsquo;entr\u00e9e \/ mobilier d&rsquo;h\u00f4tel \/ extensions \/ piscines int\u00e9rieures \/ tani\u00e8res \/ et r\u00e9novations compl\u00e8tes<\/li>\n<\/ul>\n\t\t\t<a href=\"https:\/\/www.steelhead-renovation.com\/fr\/contact_fr\/\" target=\"_self\" role=\"button\" rel=\"noopener noreferrer\">\n\t\t\t\t\t\t\tCONTACTEZ-NOUS\n\t\t\t\t\t<\/a>\n","protected":false},"excerpt":{"rendered":"<p>R\u00e9alis\u00e9 par Steelhead Faire de votre lieu de vie un endroit qui vous ressemble, qui vous pla\u00eet et qui vous donne envie d&rsquo;y \u00eatre, jour apr\u00e8s jour; voil\u00e0 ce que nous r\u00e9alisons pour nos clients !\u200b\u200b SALLES DE BAIN ET BUANDERIES Pour r\u00e9pondre \u00e0 tous les besoins de nos clients, nous concevons une vaste gamme [&hellip;]<\/p>\n","protected":false},"author":1,"featured_media":0,"parent":0,"menu_order":0,"comment_status":"closed","ping_status":"closed","template":"","meta":{"_acf_changed":false,"footnotes":""},"class_list":["post-4292","page","type-page","status-publish","hentry"],"acf":[],"_links":{"self":[{"href":"https:\/\/www.steelhead-renovation.com\/fr\/wp-json\/wp\/v2\/pages\/4292","targetHints":{"allow":["GET"]}}],"collection":[{"href":"https:\/\/www.steelhead-renovation.com\/fr\/wp-json\/wp\/v2\/pages"}],"about":[{"href":"https:\/\/www.steelhead-renovation.com\/fr\/wp-json\/wp\/v2\/types\/page"}],"author":[{"embeddable":true,"href":"https:\/\/www.steelhead-renovation.com\/fr\/wp-json\/wp\/v2\/users\/1"}],"replies":[{"embeddable":true,"href":"https:\/\/www.steelhead-renovation.com\/fr\/wp-json\/wp\/v2\/comments?post=4292"}],"version-history":[{"count":2,"href":"https:\/\/www.steelhead-renovation.com\/fr\/wp-json\/wp\/v2\/pages\/4292\/revisions"}],"predecessor-version":[{"id":4306,"href":"https:\/\/www.steelhead-renovation.com\/fr\/wp-json\/wp\/v2\/pages\/4292\/revisions\/4306"}],"wp:attachment":[{"href":"https:\/\/www.steelhead-renovation.com\/fr\/wp-json\/wp\/v2\/media?parent=4292"}],"curies":[{"name":"wp","href":"https:\/\/api.w.org\/{rel}","templated":true}]}}