{"id":2813,"date":"2020-10-22T12:50:14","date_gmt":"2020-10-22T12:50:14","guid":{"rendered":"https:\/\/www.steelhead-renovation.com\/cabinetry\/"},"modified":"2021-02-18T21:25:55","modified_gmt":"2021-02-18T21:25:55","slug":"cabinetry","status":"publish","type":"page","link":"https:\/\/www.steelhead-renovation.com\/fr\/cabinetry\/","title":{"rendered":"Armoires"},"content":{"rendered":"<h1>\n\t\tR\u00e9alis\u00e9\n\t<\/h1>\n<h3>\n\t\tpar\n\t<\/h3>\n<h2>\n\t\tSteelhead\n\t<\/h2>\n<h6>\n\t\tFaire de votre lieu de vie un endroit qui vous ressemble, qui vous pla\u00eet et qui vous donne envie d&rsquo;y \u00eatre, jour apr\u00e8s jour; voil\u00e0 ce que nous r\u00e9alisons pour nos clients !\u200b\n\t<\/h6>\n<h2>\n\t\tCUISINES CONTEMPORAINES ET CLASSIQUES\n\t<\/h2>\n\t<ul>\n<li>Collection compl\u00e8te de cuisines contemporaines et classiques<\/li>\n<li>Portes en bois massif \/ portes shaker \/ moulures d\u00e9coratives \/ colonnes \/ polyester \/ thermoplastique \/ bois peint \/ MDF peint \/ haut de comptoirs<\/li>\n<\/ul>\n<h2>\n\t\tCUISINES MODERNES ET ZEN\n\t<\/h2>\n\t<ul>\n<li>Vaste collection de cuisines modernes et zen<\/li>\n<li>Surfaces lustr\u00e9s \/ MDF peint \/ peint en MDF \/ acrylique lustr\u00e9 et mat \/ TAFISA textur\u00e9 et uniboard \/ surfaces polywood\u00a0\u00e0 panneaux plats \/ haut de comptoirs<\/li>\n<\/ul>\n<h2>\n\t\tCUISINES COMPACTES\n\t<\/h2>\n\t<ul>\n<li>Con\u00e7u pour les petits espaces et les unit\u00e9s en location<\/li>\n<li>Condos \/ appartements \/ lofts \/ cuisines au sous-sol<\/li>\n<li>M\u00e9lamine \/ m\u00e9lamine textur\u00e9e \/ haut lustre \/ super mat \/ panneaux plat \/ polyester \/ hauts de comptoirs<\/li>\n<\/ul>\n<h2>\n\t\t  HOTTES SUR MESURE ET VERRERIE\n\t<\/h2>\n\t<ul>\n<li>Des\u00a0\u00e9chantillons de hottes allant du moderne au zen et du contemporain au classique<\/li>\n<li>Bois peint \/ MDF peint \/ TAFISA textur\u00e9 ou uniboard \/ acier inoxydable<\/li>\n<li>Multitude options de verre pour une gamme de verreries<\/li>\n<li>Portes d&rsquo;armoires \/ miroirs \/ verre mural<\/li>\n<\/ul>\n<h2>\n\t\tGARDE-MANGERS ET CELLIERS\n\t<\/h2>\n\t<ul>\n<li>Collection de garde-mangers multifonctionnels, options de celliers et d&rsquo;\u00e9tag\u00e8res<\/li>\n<li>Garde-manger \/ rangement \/\u00a0\u00e9tag\u00e8res \/\u00a0\u00e9tag\u00e8res flottantes \/ caves\u00a0\u00e0 vin \/\u00a0\u00e9tag\u00e8res\u00a0\u00e0 vin<\/li>\n<\/ul>\n<h2>\n\t\tACCESSOIRES POUR ARMOIRE\n\t<\/h2>\n\t<ul>\n<li>Vaste choix d&rsquo;accessoires pour des int\u00e9rieurs d&rsquo;armoires<\/li>\n<li>Nous y pensons \/ vous y pensez \/ nous le fabriquons<\/li>\n<li>Stockage int\u00e9rieur \/ tri de rebuts \/ unit\u00e9s de rangement sur glissi\u00e8res \/ tiroirs \/ plateaux tournants \/ garde-manger \/\u00a0\u00e9tag\u00e8res\u00a0\u00e0\u00a0\u00e9pices \/ glissi\u00e8res-tiroirs pour pots\u00a0\u00e0 ingr\u00e9dients et plus encore<\/li>\n<\/ul>\n<h2>\n\t\t\u00ceLOTS ET BUFFETS\n\t<\/h2>\n\t<ul>\n<li>Vari\u00e9t\u00e9 d&rsquo;\u00eelots et buffets, soit pour exposer ou pour une utilisation fonctionnelle<\/li>\n<li>\n<p>Conception d&rsquo;\u00eelots \/ comptoirs de petit-d\u00e9jeuner \/ stations de caf\u00e9 \/ station de bar \/ vitrines \/ buffets<\/p>\n<\/li>\n<\/ul>\n<h2>\n\t\tSURFACES EN PIERRE\n\t<\/h2>\n\t<ul>\n<li>Nous pouvons r\u00e9aliser n&rsquo;importe quel demande en pierre; de surfaces de comptoir, foyers, vanit\u00e9s, chutes d&rsquo;eau, planchers, escaliers, etc &#8230;<\/li>\n<li>En quartz, granit, marbre<\/li>\n<li>Vaste collection d&rsquo;\u00e9chantillons<\/li>\n<\/ul>\n\t\t\t<a href=\"https:\/\/www.steelhead-renovation.com\/fr\/contact_fr\/\" target=\"_self\" role=\"button\" rel=\"noopener noreferrer\">\n\t\t\t\t\t\t\tCONTACTEZ-NOUS\n\t\t\t\t\t<\/a>\n","protected":false},"excerpt":{"rendered":"<p>R\u00e9alis\u00e9 par Steelhead Faire de votre lieu de vie un endroit qui vous ressemble, qui vous pla\u00eet et qui vous donne envie d&rsquo;y \u00eatre, jour apr\u00e8s jour; voil\u00e0 ce que nous r\u00e9alisons pour nos clients !\u200b CUISINES CONTEMPORAINES ET CLASSIQUES Collection compl\u00e8te de cuisines contemporaines et classiques Portes en bois massif \/ portes shaker \/ [&hellip;]<\/p>\n","protected":false},"author":1,"featured_media":0,"parent":0,"menu_order":0,"comment_status":"closed","ping_status":"closed","template":"","meta":{"_acf_changed":false,"footnotes":""},"class_list":["post-2813","page","type-page","status-publish","hentry"],"acf":[],"_links":{"self":[{"href":"https:\/\/www.steelhead-renovation.com\/fr\/wp-json\/wp\/v2\/pages\/2813","targetHints":{"allow":["GET"]}}],"collection":[{"href":"https:\/\/www.steelhead-renovation.com\/fr\/wp-json\/wp\/v2\/pages"}],"about":[{"href":"https:\/\/www.steelhead-renovation.com\/fr\/wp-json\/wp\/v2\/types\/page"}],"author":[{"embeddable":true,"href":"https:\/\/www.steelhead-renovation.com\/fr\/wp-json\/wp\/v2\/users\/1"}],"replies":[{"embeddable":true,"href":"https:\/\/www.steelhead-renovation.com\/fr\/wp-json\/wp\/v2\/comments?post=2813"}],"version-history":[{"count":2,"href":"https:\/\/www.steelhead-renovation.com\/fr\/wp-json\/wp\/v2\/pages\/2813\/revisions"}],"predecessor-version":[{"id":4305,"href":"https:\/\/www.steelhead-renovation.com\/fr\/wp-json\/wp\/v2\/pages\/2813\/revisions\/4305"}],"wp:attachment":[{"href":"https:\/\/www.steelhead-renovation.com\/fr\/wp-json\/wp\/v2\/media?parent=2813"}],"curies":[{"name":"wp","href":"https:\/\/api.w.org\/{rel}","templated":true}]}}