{"id":1789,"date":"2020-11-05T17:19:35","date_gmt":"2020-11-05T17:19:35","guid":{"rendered":"https:\/\/www.steelhead-renovation.com\/services\/"},"modified":"2021-02-18T21:25:23","modified_gmt":"2021-02-18T21:25:23","slug":"services","status":"publish","type":"page","link":"https:\/\/www.steelhead-renovation.com\/fr\/services\/","title":{"rendered":"services"},"content":{"rendered":"<h1>\n\t\tLe service\n\t<\/h1>\n<h3>\n\t\tde\u200b \n\t<\/h3>\n<h2>\n\t\tSteelhead\n\t<\/h2>\n<h3>\n\t\tPROJET CL\u00c9S EN MAIN\n\t<\/h3>\n<h6>\n\t\tSteelhead offre des services personnalis\u00e9s, car nous croyons que votre projet est unique. De la conception \u00e0 la r\u00e9alisation, chaque \u00e9tape est ex\u00e9cut\u00e9e par des professionnels qui aiment leur travail et aiment voir des r\u00e9sultats de qualit\u00e9\n\t<\/h6>\n<h6>\n\t\tNous sommes reconnus autant pour la r\u00e9novation de cuisine et de salle de bains que pour nos designs d\u2019int\u00e9rieur. De plus, avec notre atelier situ\u00e9 \u00e0 Mirabel, nous construisons des meubles sur mesure et uniques. Finalement, nous faisons \u00e9galement des travaux d\u2019ext\u00e9rieur pour un service complet\u2026 et cl\u00e9s en main !\n\t<\/h6>\n<h2>\n\t\tARMOIRES\n\t<\/h2>\n<h6>\n\t\tNous fabriquons nos armoires dans notre propre atelier et assurons \u00e0 nos clients une installation pr\u00e9cise et professionnelle. Comme nous comprenons \u00e0 quel point le temps de nos clients est pr\u00e9cieux, nous veillons \u00e0 respecter nos \u00e9ch\u00e9ances et \u00e0 r\u00e9duire les d\u00e9lais au minimum.\n\t<\/h6>\n\t<ul>\n<li>3D Design<\/li>\n<li>Cuisines<\/li>\n<li>Dessus de comptoir\u00a0(granite, quartz, marbre)<\/li>\n<li>Finition de meubles et rafra\u00eechissement de cuisine<\/li>\n<li>Meubles-lavabos<\/li>\n<li>Armoires de salle de lavage<\/li>\n<li>Mobilier de chambre \u00e0 coucher<\/li>\n<li>Unit\u00e9s murales<\/li>\n<li>Biblioth\u00e8ques<\/li>\n<li>Armoires California Closets<\/li>\n<li>Cr\u00e9ations en bois de grange<\/li>\n<\/ul>\n<h6>\n\t\tNotre expertise ne s&rsquo;arr\u00eate pas ici \u2026 Jetez un coup d&rsquo;oeil \u00e0 nos autres services.\n\t<\/h6>\n\t\t\t\t<img loading=\"lazy\" decoding=\"async\" src=\"https:\/\/www.steelhead-renovation.com\/wp-content\/uploads\/2020\/11\/3958_682CD1C1-CB26-E53E-E807-4C62B846C4B2.jpg\" alt=\"3958_682CD1C1-CB26-E53E-E807-4C62B846C4B2\" itemprop=\"image\" height=\"433\" width=\"577\" title=\"3958_682CD1C1-CB26-E53E-E807-4C62B846C4B2\" onerror=\"this.style.display='none'\"  \/>\n\t\t\t\t<img loading=\"lazy\" decoding=\"async\" src=\"https:\/\/www.steelhead-renovation.com\/wp-content\/uploads\/2020\/11\/3958_D87E890D-C179-B927-DCB3-CE0E06BC1E05.jpg\" alt=\"3958_D87E890D-C179-B927-DCB3-CE0E06BC1E05\" itemprop=\"image\" height=\"370\" width=\"640\" title=\"3958_D87E890D-C179-B927-DCB3-CE0E06BC1E05\" onerror=\"this.style.display='none'\"  \/>\n<h2>\n\t\tTRAVAUX D&rsquo;INT\u00c9RIEUR\n\t<\/h2>\n<h6>\n\t\tNous coordonnons toutes vos r\u00e9novations. Nous prenons soin de tout et plus encore&#8230;\n\t<\/h6>\n\t<ul>\n<li>Portes int\u00e9rieures<\/li>\n<li>Escaliers<\/li>\n<li>Rev\u00eatements de plancher (bois, c\u00e9ramique, r\u00e9side et colle \u00e9poxydes, b\u00e9ton)<\/li>\n<li>Moulures ornementales, plinthes, cadrages<\/li>\n<li>Plomberie<\/li>\n<li>\u00c9lectricit\u00e9<\/li>\n<li>Panneaux de pl\u00e2tre<\/li>\n<li>Peinture et pl\u00e2tre<\/li>\n<li>Marbre et\u00a0granite<\/li>\n<li>Vitrerie<\/li>\n<li>Objets en acier<\/li>\n<li>Celliers<\/li>\n<li>Sous-sol d&rsquo;hommes<\/li>\n<li>Divisions structurelles<\/li>\n<li>Piscines int\u00e9rieures<\/li>\n<li>Agrandissements<\/li>\n<\/ul>\n<h2>\n\t\tTRAVAUX D&rsquo;EXT\u00c9RIEUR\n\t<\/h2>\n<h6>\n\t\tNous travaillons avec nos sous-traitants pour tous les projets d&rsquo;ext\u00e9rieurs; laissez-nous vous pr\u00e9senter les meilleurs du secteur et prendre en charge votre projet du d\u00e9but \u00e0 la fin.\n\t<\/h6>\n\t<ul>\n<li>Portes et fen\u00eatres<\/li>\n<li>Rev\u00eatement d&rsquo;aluminium<\/li>\n<li>Goutti\u00e8re<\/li>\n<li>Ma\u00e7onnerie<\/li>\n<li>Balcons et patios<\/li>\n<li>Peinture ext\u00e9rieure<\/li>\n<li>Toiture<\/li>\n<li>Pavage<\/li>\n<li>Asphalte<\/li>\n<li>R\u00e9paration de piscine en b\u00e9ton<\/li>\n<li>Cl\u00f4ture<\/li>\n<li>\u00c9tangs\u00a0<\/li>\n<li>Syst\u00e8me d&rsquo;arrosage<\/li>\n<li>Am\u00e9nagement paysager<\/li>\n<\/ul>\n\t\t\t\t<img loading=\"lazy\" decoding=\"async\" src=\"https:\/\/www.steelhead-renovation.com\/wp-content\/uploads\/2020\/11\/3958_30080C58-3B47-95E8-5CC0-3CF67DEF395C.jpg\" alt=\"3958_30080C58-3B47-95E8-5CC0-3CF67DEF395C\" itemprop=\"image\" height=\"370\" width=\"640\" title=\"3958_30080C58-3B47-95E8-5CC0-3CF67DEF395C\" onerror=\"this.style.display='none'\"  \/>\n<h2>\n\t\tVOUS Y PENSEZ, NOUS LE CONSTRUISONS !\u200b\n\t<\/h2>\n\t\t\t<a href=\"https:\/\/www.steelhead-renovation.com\/fr\/contact_fr\/\" target=\"_self\" role=\"button\" rel=\"noopener noreferrer\">\n\t\t\t\t\t\t\tCONTACTEZ-NOUS\n\t\t\t\t\t<\/a>\n","protected":false},"excerpt":{"rendered":"<p>Le service de\u200b Steelhead PROJET CL\u00c9S EN MAIN Steelhead offre des services personnalis\u00e9s, car nous croyons que votre projet est unique. De la conception \u00e0 la r\u00e9alisation, chaque \u00e9tape est ex\u00e9cut\u00e9e par des professionnels qui aiment leur travail et aiment voir des r\u00e9sultats de qualit\u00e9 Nous sommes reconnus autant pour la r\u00e9novation de cuisine et [&hellip;]<\/p>\n","protected":false},"author":1,"featured_media":0,"parent":0,"menu_order":0,"comment_status":"closed","ping_status":"closed","template":"","meta":{"_acf_changed":false,"footnotes":""},"class_list":["post-1789","page","type-page","status-publish","hentry"],"acf":[],"_links":{"self":[{"href":"https:\/\/www.steelhead-renovation.com\/fr\/wp-json\/wp\/v2\/pages\/1789","targetHints":{"allow":["GET"]}}],"collection":[{"href":"https:\/\/www.steelhead-renovation.com\/fr\/wp-json\/wp\/v2\/pages"}],"about":[{"href":"https:\/\/www.steelhead-renovation.com\/fr\/wp-json\/wp\/v2\/types\/page"}],"author":[{"embeddable":true,"href":"https:\/\/www.steelhead-renovation.com\/fr\/wp-json\/wp\/v2\/users\/1"}],"replies":[{"embeddable":true,"href":"https:\/\/www.steelhead-renovation.com\/fr\/wp-json\/wp\/v2\/comments?post=1789"}],"version-history":[{"count":19,"href":"https:\/\/www.steelhead-renovation.com\/fr\/wp-json\/wp\/v2\/pages\/1789\/revisions"}],"predecessor-version":[{"id":4304,"href":"https:\/\/www.steelhead-renovation.com\/fr\/wp-json\/wp\/v2\/pages\/1789\/revisions\/4304"}],"wp:attachment":[{"href":"https:\/\/www.steelhead-renovation.com\/fr\/wp-json\/wp\/v2\/media?parent=1789"}],"curies":[{"name":"wp","href":"https:\/\/api.w.org\/{rel}","templated":true}]}}