{"id":1787,"date":"2020-11-05T16:32:41","date_gmt":"2020-11-05T16:32:41","guid":{"rendered":"https:\/\/www.steelhead-renovation.com\/temoignages\/"},"modified":"2021-03-18T15:56:55","modified_gmt":"2021-03-18T15:56:55","slug":"temoignages","status":"publish","type":"page","link":"https:\/\/www.steelhead-renovation.com\/fr\/temoignages\/","title":{"rendered":"t\u00e9moignages"},"content":{"rendered":"\n<h1>\n\t\tDes clients\n\t<\/h1>\n<h1>\n\t\tsatisfaits\n\t<\/h1>\n<h2>\n\t\tMission accomplie\n\t<\/h2>\n<h2>\n\t\tQuelques clients ont comment\u00e9 nos services de r\u00e9novation.\u200b\n\t<\/h2>\n\t\t\t\t<img loading=\"lazy\" decoding=\"async\" src=\"https:\/\/www.steelhead-renovation.com\/wp-content\/uploads\/2020\/11\/3958_E38945DB-6F05-BD04-4072-39985424082B.jpg\" alt=\"3958_E38945DB-6F05-BD04-4072-39985424082B\" itemprop=\"image\" height=\"450\" width=\"554\" title=\"3958_E38945DB-6F05-BD04-4072-39985424082B\" onerror=\"this.style.display='none'\"  \/>\n\t\n\t\t\t\t<img loading=\"lazy\" decoding=\"async\" src=\"https:\/\/www.steelhead-renovation.com\/wp-content\/uploads\/2020\/11\/logo.png\" alt=\"logo\" itemprop=\"image\" height=\"205\" width=\"224\" title=\"logo\" onerror=\"this.style.display='none'\"  \/>\n\t\t\t\t<img loading=\"lazy\" decoding=\"async\" src=\"https:\/\/www.steelhead-renovation.com\/wp-content\/uploads\/2020\/11\/3958_EA94ECE7-1B47-1D76-D800-008727323A4A.jpg\" alt=\"3958_EA94ECE7-1B47-1D76-D800-008727323A4A\" itemprop=\"image\" height=\"533\" width=\"468\" title=\"3958_EA94ECE7-1B47-1D76-D800-008727323A4A\" onerror=\"this.style.display='none'\"  \/>\n\t\u200bJe suis en partenariat avec Steelhead depuis maintenant 5 ans. Eric et son \u00e9quipe ont toujours su fournir des r\u00e9sultats de qualit\u00e9. Celui-ci a travaill\u00e9 dans plusieurs de mes immeubles \u00e0 appartements et \u00e0 cr\u00e9\u00e9 des cuisines en un temps opportun. Je fais confiance \u00e0 Eric non seulement pour r\u00e9aliser les t\u00e2ches qui lui sont confi\u00e9es, mais aussi pour \u00e9couter ses conseils afin de mettre en oeuvre des cuisines plus rafin\u00e9es et pratiques pour mes clients. Ses employ\u00e9s sont tr\u00e8s professionnels et travaillent de concert avec les diff\u00e9rents employ\u00e9s pr\u00e9sents sur mon chantier. Je peux dire sans le moindre de doute que l&rsquo;\u00e9quipe de Steelhead aime ce qu&rsquo;ils font et cela transparait dans leurs r\u00e9sultats finaux.<br \/>\n<strong>Luc Trembly, Construction Orange<\/strong>\n\t\t\t\t<img loading=\"lazy\" decoding=\"async\" src=\"https:\/\/www.steelhead-renovation.com\/wp-content\/uploads\/2020\/11\/logo.png\" alt=\"logo\" itemprop=\"image\" height=\"205\" width=\"224\" title=\"logo\" onerror=\"this.style.display='none'\"  \/>\n\t\t\t\t<img loading=\"lazy\" decoding=\"async\" src=\"https:\/\/www.steelhead-renovation.com\/wp-content\/uploads\/2020\/11\/3958_D147B7D5-0CB8-7665-EDA7-21D633A6BC90.jpg\" alt=\"3958_D147B7D5-0CB8-7665-EDA7-21D633A6BC90\" itemprop=\"image\" height=\"411\" width=\"426\" title=\"3958_D147B7D5-0CB8-7665-EDA7-21D633A6BC90\" onerror=\"this.style.display='none'\"  \/>\n\t\u200b\u200b\u00c9tant moi-m\u00eame une artiste, il \u00e9tait primordial d&rsquo;\u00eatre en partenariat avec quelqu&rsquo;un qui ne fait pas que d\u00e9livrer un r\u00e9sultat magnifique, mais aussi quelqu&rsquo;un qui le fait avec cr\u00e9ativit\u00e9 et originalit\u00e9. Je peux affirmer avec confiance qu&rsquo;Eric est un artiste en soi. Tout le processus avec l&rsquo;\u00e9quipe s&rsquo;est d\u00e9roul\u00e9 de mani\u00e8re fluide et dans les temps requis, ce qui n&rsquo;est pas toujours le cas en r\u00e9novation. La cuisine qu&rsquo;ils ont construit pour ma maison pourrait \u00eatre qualifi\u00e9e d&rsquo;\u00e9l\u00e9gante, imaginative et plus que pratique. Steelhead a d\u00e9sign\u00e9 une cuisine personnalis\u00e9e, juste pour nous.<br \/>\n<strong>Lisabel Filiatrault, Artiste<\/strong>\n\t\t\t\t<img loading=\"lazy\" decoding=\"async\" src=\"https:\/\/www.steelhead-renovation.com\/wp-content\/uploads\/2020\/11\/logo.png\" alt=\"logo\" itemprop=\"image\" height=\"205\" width=\"224\" title=\"logo\" onerror=\"this.style.display='none'\"  \/>\n\t\t\t<a href=\"https:\/\/www.steelhead-renovation.com\/fr\/contact_fr\/\" target=\"_self\" role=\"button\" rel=\"noopener\">\n\t\t\t\t\t\t\tCONTACTEZ-NOUS\n\t\t\t\t\t<\/a>\n\n","protected":false},"excerpt":{"rendered":"<p>Des clients satisfaits Mission accomplie Quelques clients ont comment\u00e9 nos services de r\u00e9novation.\u200b \u200bJe suis en partenariat avec Steelhead depuis maintenant 5 ans. Eric et son \u00e9quipe ont toujours su fournir des r\u00e9sultats de qualit\u00e9. Celui-ci a travaill\u00e9 dans plusieurs de mes immeubles \u00e0 appartements et \u00e0 cr\u00e9\u00e9 des cuisines en un temps opportun. Je [&hellip;]<\/p>\n","protected":false},"author":1,"featured_media":0,"parent":0,"menu_order":0,"comment_status":"closed","ping_status":"closed","template":"","meta":{"_acf_changed":false,"footnotes":""},"class_list":["post-1787","page","type-page","status-publish","hentry"],"acf":[],"_links":{"self":[{"href":"https:\/\/www.steelhead-renovation.com\/fr\/wp-json\/wp\/v2\/pages\/1787","targetHints":{"allow":["GET"]}}],"collection":[{"href":"https:\/\/www.steelhead-renovation.com\/fr\/wp-json\/wp\/v2\/pages"}],"about":[{"href":"https:\/\/www.steelhead-renovation.com\/fr\/wp-json\/wp\/v2\/types\/page"}],"author":[{"embeddable":true,"href":"https:\/\/www.steelhead-renovation.com\/fr\/wp-json\/wp\/v2\/users\/1"}],"replies":[{"embeddable":true,"href":"https:\/\/www.steelhead-renovation.com\/fr\/wp-json\/wp\/v2\/comments?post=1787"}],"version-history":[{"count":5,"href":"https:\/\/www.steelhead-renovation.com\/fr\/wp-json\/wp\/v2\/pages\/1787\/revisions"}],"predecessor-version":[{"id":4322,"href":"https:\/\/www.steelhead-renovation.com\/fr\/wp-json\/wp\/v2\/pages\/1787\/revisions\/4322"}],"wp:attachment":[{"href":"https:\/\/www.steelhead-renovation.com\/fr\/wp-json\/wp\/v2\/media?parent=1787"}],"curies":[{"name":"wp","href":"https:\/\/api.w.org\/{rel}","templated":true}]}}