{"id":1077,"date":"2020-11-05T14:49:34","date_gmt":"2020-11-05T14:49:34","guid":{"rendered":"https:\/\/www.steelhead-renovation.com\/contact_fr\/"},"modified":"2021-03-18T16:02:09","modified_gmt":"2021-03-18T16:02:09","slug":"contact_fr","status":"publish","type":"page","link":"https:\/\/www.steelhead-renovation.com\/fr\/contact_fr\/","title":{"rendered":"contact"},"content":{"rendered":"\n<h2>\n\t\tContactez\n\t<\/h2>\n<h2>\n\t\tSteelhead\n\t<\/h2>\n\t<p>Qu&rsquo;il s&rsquo;agisse de r\u00e9novation, d&rsquo;agrandissement, de travaux d&rsquo;int\u00e9rieur ou d&rsquo;ext\u00e9rieur, nous avons des professionnels anim\u00e9s de passion et de cr\u00e9ativit\u00e9.<\/p>\n\t\t\t\t<img loading=\"lazy\" decoding=\"async\" src=\"https:\/\/www.steelhead-renovation.com\/wp-content\/uploads\/2020\/11\/3958_C99C5036-DBB5-CBD7-0964-87A93E1C6494.png\" alt=\"3958_C99C5036-DBB5-CBD7-0964-87A93E1C6494\" itemprop=\"image\" height=\"62\" width=\"62\" title=\"3958_C99C5036-DBB5-CBD7-0964-87A93E1C6494\" onerror=\"this.style.display='none'\"  \/>\n<h3>\n\t\t\u00c9ric: 514-781-6313\n\t<\/h3>\n\t\t\t\t<img loading=\"lazy\" decoding=\"async\" src=\"https:\/\/www.steelhead-renovation.com\/wp-content\/uploads\/2020\/11\/3958_870F118B-96A4-F696-0B0D-C07E556EE911.png\" alt=\"3958_870F118B-96A4-F696-0B0D-C07E556EE911\" itemprop=\"image\" height=\"231\" width=\"245\" title=\"3958_870F118B-96A4-F696-0B0D-C07E556EE911\" onerror=\"this.style.display='none'\"  \/>\n<h3>\n\t\teric@steelhead-renovation.com\n\t<\/h3>\n\t\t\t\t<img loading=\"lazy\" decoding=\"async\" src=\"https:\/\/www.steelhead-renovation.com\/wp-content\/uploads\/2020\/11\/3958_B77C15CA-F83C-9001-DC2D-89B2CCA1CA93.png\" alt=\"3958_B77C15CA-F83C-9001-DC2D-89B2CCA1CA93\" itemprop=\"image\" height=\"62\" width=\"62\" title=\"3958_B77C15CA-F83C-9001-DC2D-89B2CCA1CA93\" onerror=\"this.style.display='none'\"  \/>\n<h3>\n\t\tBUREAU DE LAVAL\n\t<\/h3>\n<h3>\n\t\t3128 Rue Girouard, Laval, Qc, H7P 1P8 \u200b 450-963-6313\n\t<\/h3>\n<h2>\n\t\tBUREAU DE WOODBRIDGE\n\t<\/h2>\n<h3>\n\t\t329 Wycliffe Ave, Woodbridge, Ont, L4L 3N8 514-249-2026\n\t<\/h3>\n<h2>\n\t\t ATELIER\n\t<\/h2>\n<h2>\n\t\t7440, route Arthur-Sauv\u00e9, Mirabel, Qc, J7N 2R5\n\t<\/h2>\n\t<div class=\"frm_forms  with_frm_style frm_style_formidable-style\" id=\"frm_form_3_container\" >\n<form enctype=\"multipart\/form-data\" method=\"post\" class=\"frm-show-form  frm_pro_form \" id=\"form_steelhead-form855a679f66\" >\n<div class=\"frm_form_fields \">\n<fieldset>\n<legend class=\"frm_screen_reader\">steelhead form fr<\/legend>\r\n\r\n<div class=\"frm_fields_container\">\n<input type=\"hidden\" name=\"frm_action\" value=\"create\" \/>\n<input type=\"hidden\" name=\"form_id\" value=\"3\" \/>\n<input type=\"hidden\" name=\"frm_hide_fields_3\" id=\"frm_hide_fields_3\" value=\"\" \/>\n<input type=\"hidden\" name=\"form_key\" value=\"steelhead-form855a679f66\" \/>\n<input type=\"hidden\" name=\"item_meta[0]\" value=\"\" \/>\n<input type=\"hidden\" id=\"frm_submit_entry_3\" name=\"frm_submit_entry_3\" value=\"5e9e4f449b\" \/><input type=\"hidden\" name=\"_wp_http_referer\" value=\"\/fr\/wp-json\/wp\/v2\/pages\/1077\" \/><div id=\"frm_field_11_container\" class=\"frm_form_field form-field  frm_required_field frm_top_container frm_first frm_half\">\r\n    <label for=\"field_qh4icyd4a43fa457\" id=\"field_qh4icyd4a43fa457_label\" class=\"frm_primary_label\">Pr\u00e9nom\r\n        <span class=\"frm_required\">*<\/span>\r\n    <\/label>\r\n    <input  type=\"text\" id=\"field_qh4icyd4a43fa457\" name=\"item_meta[11]\" value=\"\"  data-reqmsg=\"Pr\u00e9nom cannot be blank.\" aria-required=\"true\" data-invmsg=\"Name is invalid\" aria-invalid=\"false\"   \/>\r\n    \r\n    \r\n<\/div>\n<div id=\"frm_field_12_container\" class=\"frm_form_field form-field  frm_required_field frm_hidden_container frm_half\">\r\n    <label for=\"field_ocfup1401772429b\" id=\"field_ocfup1401772429b_label\" class=\"frm_primary_label\">Nom\r\n        <span class=\"frm_required\">*<\/span>\r\n    <\/label>\r\n    <input  type=\"text\" id=\"field_ocfup1401772429b\" name=\"item_meta[12]\" value=\"\"  data-reqmsg=\"Nom cannot be blank.\" aria-required=\"true\" data-invmsg=\"Last is invalid\" aria-invalid=\"false\"   \/>\r\n    \r\n    \r\n<\/div>\n<div id=\"frm_field_13_container\" class=\"frm_form_field form-field  frm_required_field frm_top_container frm_full\">\r\n    <label for=\"field_29yf4dfa81ab3e83\" id=\"field_29yf4dfa81ab3e83_label\" class=\"frm_primary_label\">Courriel\r\n        <span class=\"frm_required\">*<\/span>\r\n    <\/label>\r\n    <input type=\"email\" id=\"field_29yf4dfa81ab3e83\" name=\"item_meta[13]\" value=\"\"  data-reqmsg=\"Courriel cannot be blank.\" aria-required=\"true\" data-invmsg=\"Please enter a valid email address\" aria-invalid=\"false\"  \/>\r\n    \r\n    \r\n<\/div>\n<div id=\"frm_field_14_container\" class=\"frm_form_field form-field  frm_required_field frm_top_container frm_full\">\r\n    <label for=\"field_e6lis6e84c995fb4\" id=\"field_e6lis6e84c995fb4_label\" class=\"frm_primary_label\">Sujet\r\n        <span class=\"frm_required\">*<\/span>\r\n    <\/label>\r\n    <input  type=\"text\" id=\"field_e6lis6e84c995fb4\" name=\"item_meta[14]\" value=\"\"  data-reqmsg=\"Sujet cannot be blank.\" aria-required=\"true\" data-invmsg=\"Subject is invalid\" aria-invalid=\"false\"   \/>\r\n    \r\n    \r\n<\/div>\n<div id=\"frm_field_15_container\" class=\"frm_form_field form-field  frm_required_field frm_top_container frm_full\">\r\n    <label for=\"field_9jv0r1b7d4decd1e\" id=\"field_9jv0r1b7d4decd1e_label\" class=\"frm_primary_label\">Message\r\n        <span class=\"frm_required\">*<\/span>\r\n    <\/label>\r\n    <textarea name=\"item_meta[15]\" id=\"field_9jv0r1b7d4decd1e\" rows=\"5\"  data-reqmsg=\"Message cannot be blank.\" aria-required=\"true\" data-invmsg=\"Message est non valide\" aria-invalid=\"false\"  ><\/textarea>\r\n    \r\n    \r\n<\/div>\n<div id=\"frm_field_18_container\" class=\"frm_form_field form-field  frm_none_container\">\n    <label for=\"g-recaptcha-response\" id=\"field_c4z5i_label\" class=\"frm_primary_label\">reCAPTCHA\n        <span class=\"frm_required\"><\/span>\n    <\/label>\n    <div  id=\"field_c4z5i\" class=\"frm-g-recaptcha\" data-sitekey=\"6Lf7K50dAAAAAJgSicge7c-R-sl8wsOLy7xzZmxc\" data-size=\"invisible\" data-theme=\"light\"><\/div>\n    \n    \n<\/div>\n\t<input type=\"hidden\" name=\"item_key\" value=\"\" \/>\n\t<input name=\"frm_state\" type=\"hidden\" value=\"H3PoBB2qWtgU9wuEjwsEA5s2ukDC3GLwmvrVLoe6\/aQ=\" \/><div class=\"frm_submit\">\r\n\r\n<button class=\"frm_button_submit frm_final_submit\" type=\"submit\"   formnovalidate=\"formnovalidate\">Envoyez<\/button>\r\n\r\n<\/div><\/div>\n<\/fieldset>\n<\/div>\n\n<\/form>\n<\/div>\n\n\n","protected":false},"excerpt":{"rendered":"<p>Contactez Steelhead Qu&rsquo;il s&rsquo;agisse de r\u00e9novation, d&rsquo;agrandissement, de travaux d&rsquo;int\u00e9rieur ou d&rsquo;ext\u00e9rieur, nous avons des professionnels anim\u00e9s de passion et de cr\u00e9ativit\u00e9. \u00c9ric: 514-781-6313 eric@steelhead-renovation.com BUREAU DE LAVAL 3128 Rue Girouard, Laval, Qc, H7P 1P8 \u200b 450-963-6313 BUREAU DE WOODBRIDGE 329 Wycliffe Ave, Woodbridge, Ont, L4L 3N8 514-249-2026 ATELIER 7440, route Arthur-Sauv\u00e9, Mirabel, Qc, J7N [&hellip;]<\/p>\n","protected":false},"author":1,"featured_media":0,"parent":0,"menu_order":0,"comment_status":"closed","ping_status":"closed","template":"","meta":{"_acf_changed":false,"footnotes":""},"class_list":["post-1077","page","type-page","status-publish","hentry"],"acf":[],"_links":{"self":[{"href":"https:\/\/www.steelhead-renovation.com\/fr\/wp-json\/wp\/v2\/pages\/1077","targetHints":{"allow":["GET"]}}],"collection":[{"href":"https:\/\/www.steelhead-renovation.com\/fr\/wp-json\/wp\/v2\/pages"}],"about":[{"href":"https:\/\/www.steelhead-renovation.com\/fr\/wp-json\/wp\/v2\/types\/page"}],"author":[{"embeddable":true,"href":"https:\/\/www.steelhead-renovation.com\/fr\/wp-json\/wp\/v2\/users\/1"}],"replies":[{"embeddable":true,"href":"https:\/\/www.steelhead-renovation.com\/fr\/wp-json\/wp\/v2\/comments?post=1077"}],"version-history":[{"count":7,"href":"https:\/\/www.steelhead-renovation.com\/fr\/wp-json\/wp\/v2\/pages\/1077\/revisions"}],"predecessor-version":[{"id":4324,"href":"https:\/\/www.steelhead-renovation.com\/fr\/wp-json\/wp\/v2\/pages\/1077\/revisions\/4324"}],"wp:attachment":[{"href":"https:\/\/www.steelhead-renovation.com\/fr\/wp-json\/wp\/v2\/media?parent=1077"}],"curies":[{"name":"wp","href":"https:\/\/api.w.org\/{rel}","templated":true}]}}